{"id":63,"date":"2024-06-01T21:37:51","date_gmt":"2024-06-01T19:37:51","guid":{"rendered":"https:\/\/planetactus.com\/index.php\/video-tag\/"},"modified":"2024-06-01T21:37:51","modified_gmt":"2024-06-01T19:37:51","slug":"video-tag","status":"publish","type":"page","link":"https:\/\/planetactus.com\/index.php\/video-tag\/","title":{"rendered":"Video Tag"},"content":{"rendered":"<!-- PMB print buttons is only displayed on a single post\/page URLs--><div class=\"aiovg aiovg-tags-list\"><a href=\"https:\/\/planetactus.com\/index.php\/video-tag\/ai-psychological-warfare\/\" class=\"tag-cloud-link tag-link-179 tag-link-position-1\" style=\"font-size: 8pt;\" aria-label=\"AI psychological warfare (1 \u00e9l\u00e9ment)\">AI psychological warfare<\/a>\n<a href=\"https:\/\/planetactus.com\/index.php\/video-tag\/controle-mental\/\" class=\"tag-cloud-link tag-link-173 tag-link-position-2\" style=\"font-size: 8pt;\" aria-label=\"contr\u00f4le mental (1 \u00e9l\u00e9ment)\">contr\u00f4le mental<\/a>\n<a href=\"https:\/\/planetactus.com\/index.php\/video-tag\/deep-influence-operations\/\" class=\"tag-cloud-link tag-link-182 tag-link-position-3\" style=\"font-size: 8pt;\" aria-label=\"deep influence operations (1 \u00e9l\u00e9ment)\">deep influence operations<\/a>\n<a href=\"https:\/\/planetactus.com\/index.php\/video-tag\/desinformation\/\" class=\"tag-cloud-link tag-link-174 tag-link-position-4\" style=\"font-size: 8pt;\" aria-label=\"d\u00e9sinformation (1 \u00e9l\u00e9ment)\">d\u00e9sinformation<\/a>\n<a href=\"https:\/\/planetactus.com\/index.php\/video-tag\/enquete\/\" class=\"tag-cloud-link tag-link-45 tag-link-position-5\" style=\"font-size: 8pt;\" aria-label=\"Enqu\u00eate (1 \u00e9l\u00e9ment)\">Enqu\u00eate<\/a>\n<a href=\"https:\/\/planetactus.com\/index.php\/video-tag\/ghost-in-the-machine\/\" class=\"tag-cloud-link tag-link-171 tag-link-position-6\" style=\"font-size: 8pt;\" aria-label=\"Ghost in the Machine (1 \u00e9l\u00e9ment)\">Ghost in the Machine<\/a>\n<a href=\"https:\/\/planetactus.com\/index.php\/video-tag\/guerre-cognitive\/\" class=\"tag-cloud-link tag-link-170 tag-link-position-7\" style=\"font-size: 8pt;\" aria-label=\"guerre cognitive (1 \u00e9l\u00e9ment)\">guerre cognitive<\/a>\n<a href=\"https:\/\/planetactus.com\/index.php\/video-tag\/geopolitique\/\" class=\"tag-cloud-link tag-link-53 tag-link-position-8\" style=\"font-size: 8pt;\" aria-label=\"G\u00e9opolitique (1 \u00e9l\u00e9ment)\">G\u00e9opolitique<\/a>\n<a href=\"https:\/\/planetactus.com\/index.php\/video-tag\/ia-militaire\/\" class=\"tag-cloud-link tag-link-172 tag-link-position-9\" style=\"font-size: 8pt;\" aria-label=\"IA militaire (1 \u00e9l\u00e9ment)\">IA militaire<\/a>\n<a href=\"https:\/\/planetactus.com\/index.php\/video-tag\/military-propaganda\/\" class=\"tag-cloud-link tag-link-180 tag-link-position-10\" style=\"font-size: 8pt;\" aria-label=\"military propaganda (1 \u00e9l\u00e9ment)\">military propaganda<\/a>\n<a href=\"https:\/\/planetactus.com\/index.php\/video-tag\/mind-manipulation\/\" class=\"tag-cloud-link tag-link-181 tag-link-position-11\" style=\"font-size: 8pt;\" aria-label=\"mind manipulation (1 \u00e9l\u00e9ment)\">mind manipulation<\/a>\n<a href=\"https:\/\/planetactus.com\/index.php\/video-tag\/operations-psychologiques\/\" class=\"tag-cloud-link tag-link-176 tag-link-position-12\" style=\"font-size: 8pt;\" aria-label=\"op\u00e9rations psychologiques (1 \u00e9l\u00e9ment)\">op\u00e9rations psychologiques<\/a>\n<a href=\"https:\/\/planetactus.com\/index.php\/video-tag\/orea\/\" class=\"tag-cloud-link tag-link-177 tag-link-position-13\" style=\"font-size: 8pt;\" aria-label=\"Or\u00e9a (1 \u00e9l\u00e9ment)\">Or\u00e9a<\/a>\n<a href=\"https:\/\/planetactus.com\/index.php\/video-tag\/planet-actus\/\" class=\"tag-cloud-link tag-link-178 tag-link-position-14\" style=\"font-size: 8pt;\" aria-label=\"Planet Actus (1 \u00e9l\u00e9ment)\">Planet Actus<\/a>\n<a href=\"https:\/\/planetactus.com\/index.php\/video-tag\/population\/\" class=\"tag-cloud-link tag-link-54 tag-link-position-15\" style=\"font-size: 8pt;\" aria-label=\"Population (1 \u00e9l\u00e9ment)\">Population<\/a>\n<a href=\"https:\/\/planetactus.com\/index.php\/video-tag\/psyop\/\" class=\"tag-cloud-link tag-link-169 tag-link-position-16\" style=\"font-size: 8pt;\" aria-label=\"PSYOP (1 \u00e9l\u00e9ment)\">PSYOP<\/a>\n<a href=\"https:\/\/planetactus.com\/index.php\/video-tag\/u-s-army\/\" class=\"tag-cloud-link tag-link-175 tag-link-position-17\" style=\"font-size: 8pt;\" aria-label=\"U.S. Army (1 \u00e9l\u00e9ment)\">U.S. Army<\/a><\/div>\n<div class=\"gsp_post_data\" \r\n\t            data-post_type=\"page\" \r\n\t            data-cat=\"\" \r\n\t            data-modified=\"120\"\r\n\t            data-created=\"1717277871\"\r\n\t            data-title=\"Video Tag\" \r\n\t            data-home=\"https:\/\/planetactus.com\"><\/div>","protected":false},"excerpt":{"rendered":"","protected":false},"author":1,"featured_media":0,"parent":0,"menu_order":0,"comment_status":"closed","ping_status":"closed","template":"","meta":{"_bbp_topic_count":0,"_bbp_reply_count":0,"_bbp_total_topic_count":0,"_bbp_total_reply_count":0,"_bbp_voice_count":0,"_bbp_anonymous_reply_count":0,"_bbp_topic_count_hidden":0,"_bbp_reply_count_hidden":0,"_bbp_forum_subforum_count":0,"footnotes":""},"class_list":["post-63","page","type-page","status-publish","hentry"],"featured_image_src":null,"yoast_head":"<!-- This site is optimized with the Yoast SEO plugin v27.5 - https:\/\/yoast.com\/product\/yoast-seo-wordpress\/ -->\n<title>Video Tag -<\/title>\n<meta name=\"robots\" content=\"index, follow, max-snippet:-1, max-image-preview:large, max-video-preview:-1\" \/>\n<link rel=\"canonical\" href=\"https:\/\/planetactus.com\/index.php\/video-tag\/\" class=\"yoast-seo-meta-tag\" \/>\n<meta property=\"og:locale\" content=\"fr_FR\" class=\"yoast-seo-meta-tag\" \/>\n<meta property=\"og:type\" content=\"article\" class=\"yoast-seo-meta-tag\" \/>\n<meta property=\"og:title\" content=\"Video Tag -\" class=\"yoast-seo-meta-tag\" \/>\n<meta property=\"og:url\" content=\"https:\/\/planetactus.com\/index.php\/video-tag\/\" class=\"yoast-seo-meta-tag\" \/>\n<meta property=\"article:publisher\" content=\"https:\/\/www.facebook.com\/profile.php?id=61561620320740\" class=\"yoast-seo-meta-tag\" \/>\n<meta name=\"twitter:card\" content=\"summary_large_image\" class=\"yoast-seo-meta-tag\" \/>\n<meta name=\"twitter:site\" content=\"@PlanetActus\" class=\"yoast-seo-meta-tag\" \/>\n<script type=\"application\/ld+json\" class=\"yoast-schema-graph\">{\"@context\":\"https:\\\/\\\/schema.org\",\"@graph\":[{\"@type\":\"WebPage\",\"@id\":\"https:\\\/\\\/planetactus.com\\\/index.php\\\/video-tag\\\/\",\"url\":\"https:\\\/\\\/planetactus.com\\\/index.php\\\/video-tag\\\/\",\"name\":\"Video Tag -\",\"isPartOf\":{\"@id\":\"https:\\\/\\\/planetactus.com\\\/#website\"},\"datePublished\":\"2024-06-01T19:37:51+00:00\",\"breadcrumb\":{\"@id\":\"https:\\\/\\\/planetactus.com\\\/index.php\\\/video-tag\\\/#breadcrumb\"},\"inLanguage\":\"fr-FR\",\"potentialAction\":[{\"@type\":\"ReadAction\",\"target\":[\"https:\\\/\\\/planetactus.com\\\/index.php\\\/video-tag\\\/\"]}]},{\"@type\":\"BreadcrumbList\",\"@id\":\"https:\\\/\\\/planetactus.com\\\/index.php\\\/video-tag\\\/#breadcrumb\",\"itemListElement\":[{\"@type\":\"ListItem\",\"position\":1,\"name\":\"Accueil\",\"item\":\"https:\\\/\\\/planetactus.com\\\/\"},{\"@type\":\"ListItem\",\"position\":2,\"name\":\"Video Tag\"}]},{\"@type\":\"WebSite\",\"@id\":\"https:\\\/\\\/planetactus.com\\\/#website\",\"url\":\"https:\\\/\\\/planetactus.com\\\/\",\"name\":\"PLANET ACTUS\",\"description\":\"PLANET ACTUS\",\"publisher\":{\"@id\":\"https:\\\/\\\/planetactus.com\\\/#\\\/schema\\\/person\\\/fbb75ac73a2424d2e176d31b021372a4\"},\"potentialAction\":[{\"@type\":\"SearchAction\",\"target\":{\"@type\":\"EntryPoint\",\"urlTemplate\":\"https:\\\/\\\/planetactus.com\\\/?s={search_term_string}\"},\"query-input\":{\"@type\":\"PropertyValueSpecification\",\"valueRequired\":true,\"valueName\":\"search_term_string\"}}],\"inLanguage\":\"fr-FR\"},{\"@type\":[\"Person\",\"Organization\"],\"@id\":\"https:\\\/\\\/planetactus.com\\\/#\\\/schema\\\/person\\\/fbb75ac73a2424d2e176d31b021372a4\",\"name\":\"planetactus.com\",\"image\":{\"@type\":\"ImageObject\",\"inLanguage\":\"fr-FR\",\"@id\":\"https:\\/\\/i0.wp.com\\/planetactus.com\\/wp-content\\/uploads\\/2024\\/07\\/cropped-2-Planet-Actus-Banniere-02a.jpg?fit=1189%2C365&ssl=1\",\"url\":\"https:\\/\\/i0.wp.com\\/planetactus.com\\/wp-content\\/uploads\\/2024\\/07\\/cropped-2-Planet-Actus-Banniere-02a.jpg?fit=1189%2C365&ssl=1\",\"contentUrl\":\"https:\\/\\/i0.wp.com\\/planetactus.com\\/wp-content\\/uploads\\/2024\\/07\\/cropped-2-Planet-Actus-Banniere-02a.jpg?fit=1189%2C365&ssl=1\",\"width\":1189,\"height\":365,\"caption\":\"planetactus.com\"},\"logo\":{\"@id\":\"https:\\/\\/i0.wp.com\\/planetactus.com\\/wp-content\\/uploads\\/2024\\/07\\/cropped-2-Planet-Actus-Banniere-02a.jpg?fit=1189%2C365&ssl=1\"},\"sameAs\":[\"http:\\\/\\\/planetactus.com\",\"https:\\\/\\\/www.facebook.com\\\/profile.php?id=61561620320740\",\"https:\\\/\\\/x.com\\\/https:\\\/\\\/x.com\\\/PlanetActus\",\"https:\\\/\\\/www.youtube.com\\\/@PlanetActus\"]}]}<\/script>\n<!-- \/ Yoast SEO plugin. -->","yoast_head_json":{"title":"Video Tag -","robots":{"index":"index","follow":"follow","max-snippet":"max-snippet:-1","max-image-preview":"max-image-preview:large","max-video-preview":"max-video-preview:-1"},"canonical":"https:\/\/planetactus.com\/index.php\/video-tag\/","og_locale":"fr_FR","og_type":"article","og_title":"Video Tag -","og_url":"https:\/\/planetactus.com\/index.php\/video-tag\/","article_publisher":"https:\/\/www.facebook.com\/profile.php?id=61561620320740","twitter_card":"summary_large_image","twitter_site":"@PlanetActus","schema":{"@context":"https:\/\/schema.org","@graph":[{"@type":"WebPage","@id":"https:\/\/planetactus.com\/index.php\/video-tag\/","url":"https:\/\/planetactus.com\/index.php\/video-tag\/","name":"Video Tag -","isPartOf":{"@id":"https:\/\/planetactus.com\/#website"},"datePublished":"2024-06-01T19:37:51+00:00","breadcrumb":{"@id":"https:\/\/planetactus.com\/index.php\/video-tag\/#breadcrumb"},"inLanguage":"fr-FR","potentialAction":[{"@type":"ReadAction","target":["https:\/\/planetactus.com\/index.php\/video-tag\/"]}]},{"@type":"BreadcrumbList","@id":"https:\/\/planetactus.com\/index.php\/video-tag\/#breadcrumb","itemListElement":[{"@type":"ListItem","position":1,"name":"Accueil","item":"https:\/\/planetactus.com\/"},{"@type":"ListItem","position":2,"name":"Video Tag"}]},{"@type":"WebSite","@id":"https:\/\/planetactus.com\/#website","url":"https:\/\/planetactus.com\/","name":"PLANET ACTUS","description":"PLANET ACTUS","publisher":{"@id":"https:\/\/planetactus.com\/#\/schema\/person\/fbb75ac73a2424d2e176d31b021372a4"},"potentialAction":[{"@type":"SearchAction","target":{"@type":"EntryPoint","urlTemplate":"https:\/\/planetactus.com\/?s={search_term_string}"},"query-input":{"@type":"PropertyValueSpecification","valueRequired":true,"valueName":"search_term_string"}}],"inLanguage":"fr-FR"},{"@type":["Person","Organization"],"@id":"https:\/\/planetactus.com\/#\/schema\/person\/fbb75ac73a2424d2e176d31b021372a4","name":"planetactus.com","image":{"@type":"ImageObject","inLanguage":"fr-FR","@id":"https:\/\/mlrdeoj2ejbf.i.optimole.com\/cb:mvHM.4ca\/w:auto\/h:auto\/q:mauto\/f:best\/https:\/\/i0.wp.com\/planetactus.com\/wp-content\/uploads\/2024\/07\/cropped-2-Planet-Actus-Banniere-02a.jpg?fit=1189%2C365&ssl=1","url":"https:\/\/mlrdeoj2ejbf.i.optimole.com\/cb:mvHM.4ca\/w:auto\/h:auto\/q:mauto\/f:best\/https:\/\/i0.wp.com\/planetactus.com\/wp-content\/uploads\/2024\/07\/cropped-2-Planet-Actus-Banniere-02a.jpg?fit=1189%2C365&ssl=1","contentUrl":"https:\/\/mlrdeoj2ejbf.i.optimole.com\/cb:mvHM.4ca\/w:auto\/h:auto\/q:mauto\/f:best\/https:\/\/i0.wp.com\/planetactus.com\/wp-content\/uploads\/2024\/07\/cropped-2-Planet-Actus-Banniere-02a.jpg?fit=1189%2C365&ssl=1","width":1189,"height":365,"caption":"planetactus.com"},"logo":{"@id":"https:\/\/mlrdeoj2ejbf.i.optimole.com\/cb:mvHM.4ca\/w:auto\/h:auto\/q:mauto\/f:best\/https:\/\/i0.wp.com\/planetactus.com\/wp-content\/uploads\/2024\/07\/cropped-2-Planet-Actus-Banniere-02a.jpg?fit=1189%2C365&ssl=1"},"sameAs":["http:\/\/planetactus.com","https:\/\/www.facebook.com\/profile.php?id=61561620320740","https:\/\/x.com\/https:\/\/x.com\/PlanetActus","https:\/\/www.youtube.com\/@PlanetActus"]}]}},"jetpack_sharing_enabled":true,"_links":{"self":[{"href":"https:\/\/planetactus.com\/index.php\/wp-json\/wp\/v2\/pages\/63","targetHints":{"allow":["GET"]}}],"collection":[{"href":"https:\/\/planetactus.com\/index.php\/wp-json\/wp\/v2\/pages"}],"about":[{"href":"https:\/\/planetactus.com\/index.php\/wp-json\/wp\/v2\/types\/page"}],"author":[{"embeddable":true,"href":"https:\/\/planetactus.com\/index.php\/wp-json\/wp\/v2\/users\/1"}],"replies":[{"embeddable":true,"href":"https:\/\/planetactus.com\/index.php\/wp-json\/wp\/v2\/comments?post=63"}],"version-history":[{"count":0,"href":"https:\/\/planetactus.com\/index.php\/wp-json\/wp\/v2\/pages\/63\/revisions"}],"wp:attachment":[{"href":"https:\/\/planetactus.com\/index.php\/wp-json\/wp\/v2\/media?parent=63"}],"curies":[{"name":"wp","href":"https:\/\/api.w.org\/{rel}","templated":true}]}}